{"id":3463,"date":"2025-12-15T08:43:26","date_gmt":"2025-12-15T08:43:26","guid":{"rendered":"https:\/\/fenoquimica.es\/datenschutzerklaerung\/"},"modified":"2026-01-29T12:12:09","modified_gmt":"2026-01-29T12:12:09","slug":"datenschutzerklaerung","status":"publish","type":"page","link":"https:\/\/fenoquimica.es\/de\/datenschutzerklaerung\/","title":{"rendered":"Datenschutzerkl\u00e4rung"},"content":{"rendered":"\t\t<div data-elementor-type=\"wp-page\" data-elementor-id=\"3463\" class=\"elementor elementor-3463 elementor-2382\" data-elementor-post-type=\"page\">\n\t\t\t\t<div class=\"elementor-element elementor-element-14adc98 e-con-full section_large section_politicas e-flex e-con e-parent\" data-id=\"14adc98\" data-element_type=\"container\" data-e-type=\"container\">\n\t\t<div class=\"elementor-element elementor-element-3dfa24f e-flex e-con-boxed e-con e-child\" data-id=\"3dfa24f\" data-element_type=\"container\" data-e-type=\"container\">\n\t\t\t\t\t<div class=\"e-con-inner\">\n\t\t\t\t<div class=\"elementor-element elementor-element-8e3789c elementor-widget elementor-widget-heading\" data-id=\"8e3789c\" data-element_type=\"widget\" data-e-type=\"widget\" data-widget_type=\"heading.default\">\n\t\t\t\t<div class=\"elementor-widget-container\">\n\t\t\t\t\t<h1 class=\"elementor-heading-title elementor-size-default\">DATENSCHUTZBESTIMMUNGEN<\/h1>\t\t\t\t<\/div>\n\t\t\t\t<\/div>\n\t\t\t\t<div class=\"elementor-element elementor-element-b666f8e elementor-widget elementor-widget-text-editor\" data-id=\"b666f8e\" data-element_type=\"widget\" data-e-type=\"widget\" data-widget_type=\"text-editor.default\">\n\t\t\t\t<div class=\"elementor-widget-container\">\n\t\t\t\t\t\t\t\t\t<p>Die Nutzung dieser Website und ihrer Formulare erfordert die Zustimmung zur Verarbeitung der Nutzerdaten gem\u00e4\u00df dieser Datenschutzerkl\u00e4rung, einschlie\u00dflich der Erhebung von Zugangsdaten und dem Versand von kommerziellen Informationen per elektronischem Weg.<\/p><p><strong>Verantwortlicher f\u00fcr die Datenverarbeitung und Kontaktinformationen<\/strong><\/p><p class=\"p1\"><span class=\"s1\">Der Verantwortliche ist: FENOQUIMICA, S.A.<\/span><\/p><p class=\"p1\"><span class=\"s1\">Adresse: AVD. BERTRAN I G\u00dcELL, 64 APDO.38 08850 GAVA  <\/span><\/p><p class=\"p1\"><span class=\"s1\">Kontaktdaten des Verantwortlichen: 93 638 22 88 E-Mail: info@fenoquimica.es<\/span><\/p><p><strong>Zweck der Datenverarbeitung<\/strong><\/p><p>Die Daten werden mit dem Ziel verarbeitet, den Zugriff auf die Online-Inhalte der Website zu erm\u00f6glichen, die Anfragen der Website-Nutzer zu bearbeiten, ein Besuchsprotokoll (IP-Adressen, Browserdaten, Land, aufgerufene Seiten usw.) zu f\u00fchren, zu statistischen Zwecken, Sicherheitsma\u00dfnahmen f\u00fcr die Website anzuwenden und, falls zutreffend, Ihnen \u00fcber elektronische Mittel kommerzielle Informationen zu unseren Produkten und Dienstleistungen zu senden.<\/p><p class=\"p1\"><span class=\"s1\">Im Falle der Ausf\u00fcllung eines der Formulare ist es erforderlich, bestimmte personenbezogene Daten bereitzustellen, die f\u00fcr den Zweck verarbeitet werden, f\u00fcr den sie angefordert wurden.<\/span><\/p><p><strong>Rechtm\u00e4\u00dfigkeit<\/strong><\/p><p>Die Daten werden auf Grundlage der Zustimmung des Nutzers, der Erf\u00fcllung gesetzlicher Verpflichtungen und gegebenenfalls zur Durchf\u00fchrung eines Vertrags oder Vorvertrags verarbeitet.<\/p><p><strong>Empf\u00e4nger und \u00dcbermittlungen<\/strong><\/p><p>Empf\u00e4nger: FENOQUIMICA, S.A. und Unternehmen der COMSAN-Gruppe<\/p><p>Eine internationale \u00dcbermittlung (au\u00dferhalb des Europ\u00e4ischen Wirtschaftsraums) ist nicht vorgesehen, au\u00dfer zu Speicherzwecken und in jedem Fall auf Grundlage einer Angemessenheitsentscheidung und der Existenz geeigneter Garantien.<\/p><p><strong>Aufbewahrungsfrist der Daten<\/strong><\/p><p>Mindestens f\u00fcr die in der geltenden Gesetzgebung festgelegten Fristen und in jedem Fall, solange die Zustimmung aufrechterhalten wird.<\/p><p><strong>Rechte der betroffenen Personen<\/strong><\/p><p>Die betroffenen Personen haben das Recht auf:<\/p><ul><li>Zugriff auf, Berichtigung und L\u00f6schung ihrer Daten<\/li><li>Die \u00dcbertragbarkeit ihrer Daten anzufordern<\/li><li>Widerspruch gegen die Verarbeitung einzulegen oder die Einschr\u00e4nkung der Verarbeitung zu beantragen.<\/li><li>Die erteilte Zustimmung, falls zutreffend, zu widerrufen.<\/li><\/ul><p>Dazu k\u00f6nnen sie ihre Anfrage senden an:<\/p><ul><li>Per E-Mail, indem Sie an info@fenoquimica.es schreiben und im Betreff die Referenz \u201eDatenschutz\u201c angeben<\/li><li>Schriftlich an FENOQUIMICA, AVD. BERTRAN I G\u00dcELL, 64 APDO.38 08850 GAVA (BARCELONA) richten. Der Inhaber der Daten muss der Anfrage eine Kopie seines Personalausweises beif\u00fcgen.  <\/li><\/ul><p>Sie k\u00f6nnen auch eine Beschwerde bei der Datenschutzaufsichtsbeh\u00f6rde einreichen.<\/p><p><strong>Richtigkeit und Aktualisierung der Daten<\/strong><\/p><p>Der Nutzer muss die Formulare mit wahrheitsgem\u00e4\u00dfen, korrekten, vollst\u00e4ndigen und aktuellen Daten ausf\u00fcllen. Der Nutzer wird keine Daten einer anderen Person eingeben; FENOQUIMICA wird davon ausgehen, dass die Daten vom Inhaber der Daten bereitgestellt wurden. Der Nutzer ist allein verantwortlich f\u00fcr jegliche Sch\u00e4den oder Verluste, die direkt oder indirekt einer anderen Person durch die Ausf\u00fcllung des Formulars mit falschen, ungenauen, unvollst\u00e4ndigen oder nicht aktuellen Daten oder mit Daten einer anderen Person entstehen k\u00f6nnten.  <\/p><p>Der Nutzer muss \u00c4nderungen an den bereitgestellten Daten mitteilen, um sicherzustellen, dass seine Daten stets aktuell bleiben.<\/p><p><strong>Informationssicherheit<\/strong><\/p><p>FENOQUIMICA hat alle gesetzlich erforderlichen Ma\u00dfnahmen zum Schutz personenbezogener Daten getroffen; au\u00dferdem wurden alle verf\u00fcgbaren technischen Vorkehrungen getroffen, um den Verlust, Missbrauch, die Ver\u00e4nderung, den unbefugten Zugriff oder den Diebstahl der personenbezogenen Daten, die von den Nutzern der Website bereitgestellt werden, zu verhindern. Der Nutzer muss jedoch beachten, dass Sicherheitsma\u00dfnahmen im Internet nicht absolut un\u00fcberwindbar sind. <\/p><p><strong>Minderj\u00e4hrige<\/strong><\/p><p>FENOQUIMICA verbietet die Nutzung ihrer Webdienste durch Nutzer unter vierzehn Jahren, es sei denn, es liegt eine ausdr\u00fcckliche Zustimmung der Eltern oder Erziehungsberechtigten vor.<\/p><p><strong>Web-Analyse<\/strong><\/p><p>Diese Website verwendet verschiedene Analysetools, um zu verstehen, wie sie von der \u00d6ffentlichkeit gesucht, aufgerufen und genutzt wird. Diese Analysen k\u00f6nnen die Erhebung personenbezogener Daten beinhalten, wie zum Beispiel die IP-Adresse, den Standort der Verbindung, Informationen \u00fcber die verwendete Software oder Hardware des Browsers usw. Diese Informationen werden nicht mit den Nutzern in Verbindung gebracht und dienen ausschlie\u00dflich dem Zweck, statistische Informationen \u00fcber die Nutzung der Unternehmenswebsite zu erhalten.  <\/p><p> <\/p>\t\t\t\t\t\t\t\t<\/div>\n\t\t\t\t<\/div>\n\t\t\t\t\t<\/div>\n\t\t\t\t<\/div>\n\t\t\t\t<\/div>\n\t\t\t\t<\/div>\n\t\t","protected":false},"excerpt":{"rendered":"<p>DATENSCHUTZBESTIMMUNGEN Die Nutzung dieser Website und ihrer Formulare erfordert die Zustimmung zur Verarbeitung der Nutzerdaten gem\u00e4\u00df dieser Datenschutzerkl\u00e4rung, einschlie\u00dflich der Erhebung von Zugangsdaten und dem Versand von kommerziellen Informationen per elektronischem Weg. Verantwortlicher f\u00fcr die Datenverarbeitung und Kontaktinformationen Der Verantwortliche ist: FENOQUIMICA, S.A. Adresse: AVD. BERTRAN I G\u00dcELL, 64 APDO.38 08850 GAVA Kontaktdaten des Verantwortlichen: [&hellip;]<\/p>\n","protected":false},"author":2,"featured_media":0,"parent":0,"menu_order":0,"comment_status":"closed","ping_status":"closed","template":"","meta":{"_acf_changed":false,"footnotes":""},"class_list":["post-3463","page","type-page","status-publish","hentry"],"acf":[],"yoast_head":"<!-- This site is optimized with the Yoast SEO plugin v27.2 - https:\/\/yoast.com\/product\/yoast-seo-wordpress\/ -->\n<title>Datenschutzerkl\u00e4rung - Fenoquimica<\/title>\n<meta name=\"description\" content=\"Lesen Sie unsere Datenschutzerkl\u00e4rung, in der wir erl\u00e4utern, wie wir Ihre personenbezogenen Daten bei Fenoquimica verarbeiten\" \/>\n<meta name=\"robots\" content=\"index, follow, max-snippet:-1, max-image-preview:large, max-video-preview:-1\" \/>\n<link rel=\"canonical\" href=\"https:\/\/fenoquimica.es\/de\/datenschutzerklaerung\/\" \/>\n<meta property=\"og:locale\" content=\"de_DE\" \/>\n<meta property=\"og:type\" content=\"article\" \/>\n<meta property=\"og:title\" content=\"Datenschutzerkl\u00e4rung - Fenoquimica\" \/>\n<meta property=\"og:description\" content=\"Lesen Sie unsere Datenschutzerkl\u00e4rung, in der wir erl\u00e4utern, wie wir Ihre personenbezogenen Daten bei Fenoquimica verarbeiten\" \/>\n<meta property=\"og:url\" content=\"https:\/\/fenoquimica.es\/de\/datenschutzerklaerung\/\" \/>\n<meta property=\"og:site_name\" content=\"Fenoquimica\" \/>\n<meta property=\"article:modified_time\" content=\"2026-01-29T12:12:09+00:00\" \/>\n<meta name=\"twitter:card\" content=\"summary_large_image\" \/>\n<meta name=\"twitter:label1\" content=\"Gesch\u00e4tzte Lesezeit\" \/>\n\t<meta name=\"twitter:data1\" content=\"3\u00a0Minuten\" \/>\n<script type=\"application\/ld+json\" class=\"yoast-schema-graph\">{\"@context\":\"https:\/\/schema.org\",\"@graph\":[{\"@type\":\"WebPage\",\"@id\":\"https:\/\/fenoquimica.es\/de\/datenschutzerklaerung\/\",\"url\":\"https:\/\/fenoquimica.es\/de\/datenschutzerklaerung\/\",\"name\":\"Datenschutzerkl\u00e4rung - Fenoquimica\",\"isPartOf\":{\"@id\":\"https:\/\/fenoquimica.es\/#website\"},\"datePublished\":\"2025-12-15T08:43:26+00:00\",\"dateModified\":\"2026-01-29T12:12:09+00:00\",\"description\":\"Lesen Sie unsere Datenschutzerkl\u00e4rung, in der wir erl\u00e4utern, wie wir Ihre personenbezogenen Daten bei Fenoquimica verarbeiten\",\"breadcrumb\":{\"@id\":\"https:\/\/fenoquimica.es\/de\/datenschutzerklaerung\/#breadcrumb\"},\"inLanguage\":\"de\",\"potentialAction\":[{\"@type\":\"ReadAction\",\"target\":[\"https:\/\/fenoquimica.es\/de\/datenschutzerklaerung\/\"]}]},{\"@type\":\"BreadcrumbList\",\"@id\":\"https:\/\/fenoquimica.es\/de\/datenschutzerklaerung\/#breadcrumb\",\"itemListElement\":[{\"@type\":\"ListItem\",\"position\":1,\"name\":\"Inicio\",\"item\":\"https:\/\/fenoquimica.es\/\"},{\"@type\":\"ListItem\",\"position\":2,\"name\":\"Datenschutzerkl\u00e4rung\"}]},{\"@type\":\"WebSite\",\"@id\":\"https:\/\/fenoquimica.es\/#website\",\"url\":\"https:\/\/fenoquimica.es\/\",\"name\":\"Fenoquimica\",\"description\":\"Shaping a sustainable tomorrow\",\"publisher\":{\"@id\":\"https:\/\/fenoquimica.es\/#organization\"},\"potentialAction\":[{\"@type\":\"SearchAction\",\"target\":{\"@type\":\"EntryPoint\",\"urlTemplate\":\"https:\/\/fenoquimica.es\/?s={search_term_string}\"},\"query-input\":{\"@type\":\"PropertyValueSpecification\",\"valueRequired\":true,\"valueName\":\"search_term_string\"}}],\"inLanguage\":\"de\"},{\"@type\":\"Organization\",\"@id\":\"https:\/\/fenoquimica.es\/#organization\",\"name\":\"Fenoquimica\",\"url\":\"https:\/\/fenoquimica.es\/\",\"logo\":{\"@type\":\"ImageObject\",\"inLanguage\":\"de\",\"@id\":\"https:\/\/fenoquimica.es\/#\/schema\/logo\/image\/\",\"url\":\"https:\/\/fenoquimica.es\/wp-content\/uploads\/2025\/11\/logo_fenoquimica.svg\",\"contentUrl\":\"https:\/\/fenoquimica.es\/wp-content\/uploads\/2025\/11\/logo_fenoquimica.svg\",\"width\":210,\"height\":45,\"caption\":\"Fenoquimica\"},\"image\":{\"@id\":\"https:\/\/fenoquimica.es\/#\/schema\/logo\/image\/\"}}]}<\/script>\n<!-- \/ Yoast SEO plugin. -->","yoast_head_json":{"title":"Datenschutzerkl\u00e4rung - Fenoquimica","description":"Lesen Sie unsere Datenschutzerkl\u00e4rung, in der wir erl\u00e4utern, wie wir Ihre personenbezogenen Daten bei Fenoquimica verarbeiten","robots":{"index":"index","follow":"follow","max-snippet":"max-snippet:-1","max-image-preview":"max-image-preview:large","max-video-preview":"max-video-preview:-1"},"canonical":"https:\/\/fenoquimica.es\/de\/datenschutzerklaerung\/","og_locale":"de_DE","og_type":"article","og_title":"Datenschutzerkl\u00e4rung - Fenoquimica","og_description":"Lesen Sie unsere Datenschutzerkl\u00e4rung, in der wir erl\u00e4utern, wie wir Ihre personenbezogenen Daten bei Fenoquimica verarbeiten","og_url":"https:\/\/fenoquimica.es\/de\/datenschutzerklaerung\/","og_site_name":"Fenoquimica","article_modified_time":"2026-01-29T12:12:09+00:00","twitter_card":"summary_large_image","twitter_misc":{"Gesch\u00e4tzte Lesezeit":"3\u00a0Minuten"},"schema":{"@context":"https:\/\/schema.org","@graph":[{"@type":"WebPage","@id":"https:\/\/fenoquimica.es\/de\/datenschutzerklaerung\/","url":"https:\/\/fenoquimica.es\/de\/datenschutzerklaerung\/","name":"Datenschutzerkl\u00e4rung - Fenoquimica","isPartOf":{"@id":"https:\/\/fenoquimica.es\/#website"},"datePublished":"2025-12-15T08:43:26+00:00","dateModified":"2026-01-29T12:12:09+00:00","description":"Lesen Sie unsere Datenschutzerkl\u00e4rung, in der wir erl\u00e4utern, wie wir Ihre personenbezogenen Daten bei Fenoquimica verarbeiten","breadcrumb":{"@id":"https:\/\/fenoquimica.es\/de\/datenschutzerklaerung\/#breadcrumb"},"inLanguage":"de","potentialAction":[{"@type":"ReadAction","target":["https:\/\/fenoquimica.es\/de\/datenschutzerklaerung\/"]}]},{"@type":"BreadcrumbList","@id":"https:\/\/fenoquimica.es\/de\/datenschutzerklaerung\/#breadcrumb","itemListElement":[{"@type":"ListItem","position":1,"name":"Inicio","item":"https:\/\/fenoquimica.es\/"},{"@type":"ListItem","position":2,"name":"Datenschutzerkl\u00e4rung"}]},{"@type":"WebSite","@id":"https:\/\/fenoquimica.es\/#website","url":"https:\/\/fenoquimica.es\/","name":"Fenoquimica","description":"Shaping a sustainable tomorrow","publisher":{"@id":"https:\/\/fenoquimica.es\/#organization"},"potentialAction":[{"@type":"SearchAction","target":{"@type":"EntryPoint","urlTemplate":"https:\/\/fenoquimica.es\/?s={search_term_string}"},"query-input":{"@type":"PropertyValueSpecification","valueRequired":true,"valueName":"search_term_string"}}],"inLanguage":"de"},{"@type":"Organization","@id":"https:\/\/fenoquimica.es\/#organization","name":"Fenoquimica","url":"https:\/\/fenoquimica.es\/","logo":{"@type":"ImageObject","inLanguage":"de","@id":"https:\/\/fenoquimica.es\/#\/schema\/logo\/image\/","url":"https:\/\/fenoquimica.es\/wp-content\/uploads\/2025\/11\/logo_fenoquimica.svg","contentUrl":"https:\/\/fenoquimica.es\/wp-content\/uploads\/2025\/11\/logo_fenoquimica.svg","width":210,"height":45,"caption":"Fenoquimica"},"image":{"@id":"https:\/\/fenoquimica.es\/#\/schema\/logo\/image\/"}}]}},"_links":{"self":[{"href":"https:\/\/fenoquimica.es\/de\/wp-json\/wp\/v2\/pages\/3463","targetHints":{"allow":["GET"]}}],"collection":[{"href":"https:\/\/fenoquimica.es\/de\/wp-json\/wp\/v2\/pages"}],"about":[{"href":"https:\/\/fenoquimica.es\/de\/wp-json\/wp\/v2\/types\/page"}],"author":[{"embeddable":true,"href":"https:\/\/fenoquimica.es\/de\/wp-json\/wp\/v2\/users\/2"}],"replies":[{"embeddable":true,"href":"https:\/\/fenoquimica.es\/de\/wp-json\/wp\/v2\/comments?post=3463"}],"version-history":[{"count":5,"href":"https:\/\/fenoquimica.es\/de\/wp-json\/wp\/v2\/pages\/3463\/revisions"}],"predecessor-version":[{"id":3489,"href":"https:\/\/fenoquimica.es\/de\/wp-json\/wp\/v2\/pages\/3463\/revisions\/3489"}],"wp:attachment":[{"href":"https:\/\/fenoquimica.es\/de\/wp-json\/wp\/v2\/media?parent=3463"}],"curies":[{"name":"wp","href":"https:\/\/api.w.org\/{rel}","templated":true}]}}