{"id":3343,"date":"2025-12-15T09:12:00","date_gmt":"2025-12-15T09:12:00","guid":{"rendered":"https:\/\/fenoquimica.es\/impressum\/"},"modified":"2026-01-29T12:12:38","modified_gmt":"2026-01-29T12:12:38","slug":"impressum","status":"publish","type":"page","link":"https:\/\/fenoquimica.es\/de\/impressum\/","title":{"rendered":"Impressum"},"content":{"rendered":"\t\t<div data-elementor-type=\"wp-page\" data-elementor-id=\"3343\" class=\"elementor elementor-3343 elementor-2416\" data-elementor-post-type=\"page\">\n\t\t\t\t<div class=\"elementor-element elementor-element-14adc98 e-con-full section_large section_politicas e-flex e-con e-parent\" data-id=\"14adc98\" data-element_type=\"container\" data-e-type=\"container\">\n\t\t<div class=\"elementor-element elementor-element-3dfa24f e-flex e-con-boxed e-con e-child\" data-id=\"3dfa24f\" data-element_type=\"container\" data-e-type=\"container\">\n\t\t\t\t\t<div class=\"e-con-inner\">\n\t\t\t\t<div class=\"elementor-element elementor-element-8e3789c elementor-widget elementor-widget-heading\" data-id=\"8e3789c\" data-element_type=\"widget\" data-e-type=\"widget\" data-widget_type=\"heading.default\">\n\t\t\t\t<div class=\"elementor-widget-container\">\n\t\t\t\t\t<h1 class=\"elementor-heading-title elementor-size-default\">IMPRESSUM<\/h1>\t\t\t\t<\/div>\n\t\t\t\t<\/div>\n\t\t\t\t<div class=\"elementor-element elementor-element-b666f8e elementor-widget elementor-widget-text-editor\" data-id=\"b666f8e\" data-element_type=\"widget\" data-e-type=\"widget\" data-widget_type=\"text-editor.default\">\n\t\t\t\t<div class=\"elementor-widget-container\">\n\t\t\t\t\t\t\t\t\t<p><strong>Website-Inhaber und Kontaktdaten<\/strong><\/p><p>www.fenoquimica.es ist eine Internetdomain im Eigentum von FENOQUIMICA, S.A. (im Folgenden \u201eFENOQUIMICA\u201c) mit der Steuer-\/USt.-Identifikationsnummer (CIF\/NIF) A59038109 und Sitz in AVD. BERTRAN I G\u00dcELL, 64 APDO.38 08850 GAVA (BARCELONA). Eingetragen im Handelsregister von Barcelona, BUCH BAND __________.   <\/p><p>Der Zweck der Website ist es, Informationen \u00fcber FENOQUIMICA und seine Aktivit\u00e4ten bereitzustellen.<\/p><p>Bitte z\u00f6gern Sie nicht, uns zu kontaktieren:<\/p><ul><li>Telefonisch, unter 93 638 22 88<\/li><li>Per E-Mail, indem Sie an info@fenoquimica.es schreiben.<\/li><li>Schriftlich, indem Sie sich an FENOQUIMICA, AVD. BERTRAN I G\u00dcELL, 64 APDO.38 08850 GAVA (BARCELONA) wenden  <\/li><\/ul><p>F\u00fcr R\u00fcckfragen z\u00f6gern Sie bitte nicht, sich an FENOQUIMICA zu wenden.<\/p><p><strong>Nutzungsbedingungen der Website<\/strong><\/p><p>Die vorliegenden Nutzungsbedingungen regeln den Zugriff auf diese Website durch die Kunden von FENOQUIMICA sowie durch sonstige Internetnutzer. Durch die blo\u00dfe Nutzung dieser Website erkl\u00e4rt der Nutzer seine vorbehaltlose Zustimmung zu den vorliegenden Nutzungsbedingungen.  <\/p><p>FENOQUIMICA beh\u00e4lt sich das einseitige Recht vor, die vorliegenden Bedingungen f\u00fcr den Zugriff auf die Website sowie die darin enthaltenen Inhalte zu \u00e4ndern.<\/p><p><strong>Beschr\u00e4nkung und Ausschluss der Haftung<\/strong><\/p><p>Der Inhalt dieser Website ist allgemeiner Natur und hat ausschlie\u00dflich informative Zwecke und Wirkungen. FENOQUIMICA lehnt die Verantwortung f\u00fcr jegliche Informationen ab, die nicht von ihr erstellt oder in ihrem Namen ohne ihre Genehmigung ver\u00f6ffentlicht wurden, ebenso wie die Verantwortung, die sich aus der missbr\u00e4uchlichen Nutzung der Inhalte durch Dritte ergibt. <\/p><p>Der Nutzer stellt FENOQUIMICA von jeglicher Verantwortung frei, die sich aus Unterbrechungen der Verf\u00fcgbarkeit der Website ergeben k\u00f6nnte, sei es aufgrund von Fehlfunktionen des Webservers oder von Anwendungen, der Kommunikationsinfrastruktur oder der f\u00fcr die Navigation verwendeten Software und Hardware.<\/p><p>Falls Links zu anderen Webseiten enthalten sind, lehnt FENOQUIMICA jegliche Verantwortung im Zusammenhang mit dem Zugriff und der Nutzung dieser Links ab.<\/p><p><strong>Geistiges und gewerbliches Eigentum<\/strong><\/p><p>Diese gesamte Website ist durch Gesetze zum Schutz des geistigen und gewerblichen Eigentums gesch\u00fctzt. Sofern nicht anders angegeben, liegen die geistigen Eigentumsrechte an diesen Inhalten ausschlie\u00dflich bei FENOQUIMICA. Der Nutzer erkennt an, dass die Nutzung der Inhalte strikt auf den pers\u00f6nlichen Gebrauch des Nutzers beschr\u00e4nkt ist und dass die Vervielf\u00e4ltigung, Verbreitung, Weitergabe oder Umwandlung dieser Werke ohne ausdr\u00fcckliche Genehmigung eine Verletzung der geistigen Eigentumsrechte darstellt.  <\/p><p>Der Nutzer unterl\u00e4sst es ebenfalls, die Inhalte und insbesondere die \u00fcber die Website erhaltenen Informationen jeglicher Art zu verwenden, um Werbung, Mitteilungen zum Zwecke des Direktverkaufs oder zu anderen kommerziellen Zwecken sowie unaufgeforderte Nachrichten zu versenden, die an eine Vielzahl von Personen gerichtet sind, unabh\u00e4ngig von deren Zweck. Er unterl\u00e4sst es auch, diese Informationen in irgendeiner Weise zu vermarkten oder weiterzugeben. <\/p><p>www.fenoquimica.es ist eine Domain von FENOQUIMICA. Sie darf, au\u00dfer mit ausdr\u00fccklicher vorheriger Genehmigung, nicht in Verbindung mit anderen, nicht von FENOQUIMICA stammenden Produkten oder Dienstleistungen in einer Weise verwendet werden, die bei unseren Kunden Verwirrung stiften oder FENOQUIMICA in Verruf bringen k\u00f6nnte. <\/p><p><strong>Richtlinie f\u00fcr die Verlinkung zu dieser Website<\/strong><\/p><p>Wenn ein Benutzer, eine Einrichtung oder eine Website einen Link zu dieser Website herstellen m\u00f6chte, muss er\/sie vor der Herstellung des Links eine schriftliche Genehmigung einholen.<\/p><p>Au\u00dferdem ist es nur erlaubt, auf die Startseite der Website zu verlinken. Der Link muss absolut und vollst\u00e4ndig sein, d.h. er muss den Nutzer zur eigenen Adresse von FENOQUIMICA f\u00fchren und den gesamten Bildschirm der Seite, die den Link enth\u00e4lt, einnehmen. Unter keinen Umst\u00e4nden darf die Seite, die den Link setzt, die Website von FENOQUIMICA in irgendeiner Weise reproduzieren, sie als Teil ihrer Website oder innerhalb eines ihrer Frames auf einer der Seiten oder Inhalte der vorliegenden Website einbinden, es sei denn, FENOQUIMICA hat dies ausdr\u00fccklich schriftlich genehmigt.  <\/p><p>Es d\u00fcrfen keine falschen, ungenauen oder unrichtigen Angaben \u00fcber die Seiten dieser Website oder die darin angebotenen Dienstleistungen gemacht werden.<\/p><p>Der Link darf keine Marke, keinen Handelsnamen, kein Gesch\u00e4ftszeichen, keine Bezeichnung, kein Logo, keinen Slogan und keine anderen unterscheidungskr\u00e4ftigen Zeichen von FENOQUIMICA enthalten.<\/p><p>FENOQUIMICA ist unter keinen Umst\u00e4nden verantwortlich f\u00fcr die Inhalte oder Dienstleistungen, die der \u00d6ffentlichkeit auf der Website, von der aus der Hyperlink hergestellt wird, zur Verf\u00fcgung gestellt werden, noch f\u00fcr die darin enthaltenen Informationen oder Aussagen.<\/p><p><strong>Schutz der pers\u00f6nlichen Daten<\/strong><\/p><p>Die Nutzung dieser Website und ihrer Formulare setzt die Zustimmung zur Verarbeitung von Benutzerdaten gem\u00e4\u00df unserer Datenschutzpolitik voraus, einschlie\u00dflich der Erfassung von Zugangsdaten und der Zusendung von kommerziellen Informationen auf elektronischem Wege.<\/p><p>Bitte lesen Sie unsere Datenschutzrichtlinien sorgf\u00e4ltig durch, um zu erfahren, wie wir Nutzerdaten verwenden und wie Sie Ihre Rechte auf Zugang, Berichtigung, L\u00f6schung und Widerspruch aus\u00fcben k\u00f6nnen.<\/p><p><strong>Pr\u00e4valenz der spanischen Version<\/strong><\/p><p>Falls dieser rechtliche Hinweis in andere Sprachen \u00fcbersetzt wird, ist im Falle einer Abweichung die spanische Version ma\u00dfgebend.<\/p><p><strong>Anwendbares Recht und Gerichtsstand<\/strong><\/p><p>Der vorliegende Rechtliche Hinweis sowie die Beziehungen zwischen FENOQUIMICA und den Nutzern unterliegen den geltenden spanischen Vorschriften und alle Streitigkeiten werden den Gerichten von BARCELONA vorgelegt, au\u00dfer im Falle von Verbrauchern und Nutzern, die der Gerichtsbarkeit der Gerichte ihres Wohnsitzes unterliegen.<\/p>\t\t\t\t\t\t\t\t<\/div>\n\t\t\t\t<\/div>\n\t\t\t\t\t<\/div>\n\t\t\t\t<\/div>\n\t\t\t\t<\/div>\n\t\t\t\t<\/div>\n\t\t","protected":false},"excerpt":{"rendered":"<p>IMPRESSUM Website-Inhaber und Kontaktdaten www.fenoquimica.es ist eine Internetdomain im Eigentum von FENOQUIMICA, S.A. (im Folgenden \u201eFENOQUIMICA\u201c) mit der Steuer-\/USt.-Identifikationsnummer (CIF\/NIF) A59038109 und Sitz in AVD. BERTRAN I G\u00dcELL, 64 APDO.38 08850 GAVA (BARCELONA). Eingetragen im Handelsregister von Barcelona, BUCH BAND __________. Der Zweck der Website ist es, Informationen \u00fcber FENOQUIMICA und seine Aktivit\u00e4ten bereitzustellen. Bitte [&hellip;]<\/p>\n","protected":false},"author":2,"featured_media":0,"parent":0,"menu_order":0,"comment_status":"closed","ping_status":"closed","template":"","meta":{"_acf_changed":false,"footnotes":""},"class_list":["post-3343","page","type-page","status-publish","hentry"],"acf":[],"yoast_head":"<!-- This site is optimized with the Yoast SEO plugin v27.2 - https:\/\/yoast.com\/product\/yoast-seo-wordpress\/ -->\n<title>Impressum - Fenoquimica<\/title>\n<meta name=\"description\" content=\"Greifen Sie auf das Impressum zu, um rechtliche Informationen und die Kontaktdaten von Fenoquimica zu erhalten\" \/>\n<meta name=\"robots\" content=\"index, follow, max-snippet:-1, max-image-preview:large, max-video-preview:-1\" \/>\n<link rel=\"canonical\" href=\"https:\/\/fenoquimica.es\/de\/impressum\/\" \/>\n<meta property=\"og:locale\" content=\"de_DE\" \/>\n<meta property=\"og:type\" content=\"article\" \/>\n<meta property=\"og:title\" content=\"Impressum - Fenoquimica\" \/>\n<meta property=\"og:description\" content=\"Greifen Sie auf das Impressum zu, um rechtliche Informationen und die Kontaktdaten von Fenoquimica zu erhalten\" \/>\n<meta property=\"og:url\" content=\"https:\/\/fenoquimica.es\/de\/impressum\/\" \/>\n<meta property=\"og:site_name\" content=\"Fenoquimica\" \/>\n<meta property=\"article:modified_time\" content=\"2026-01-29T12:12:38+00:00\" \/>\n<meta name=\"twitter:card\" content=\"summary_large_image\" \/>\n<meta name=\"twitter:label1\" content=\"Gesch\u00e4tzte Lesezeit\" \/>\n\t<meta name=\"twitter:data1\" content=\"4\u00a0Minuten\" \/>\n<script type=\"application\/ld+json\" class=\"yoast-schema-graph\">{\"@context\":\"https:\/\/schema.org\",\"@graph\":[{\"@type\":\"WebPage\",\"@id\":\"https:\/\/fenoquimica.es\/de\/impressum\/\",\"url\":\"https:\/\/fenoquimica.es\/de\/impressum\/\",\"name\":\"Impressum - Fenoquimica\",\"isPartOf\":{\"@id\":\"https:\/\/fenoquimica.es\/#website\"},\"datePublished\":\"2025-12-15T09:12:00+00:00\",\"dateModified\":\"2026-01-29T12:12:38+00:00\",\"description\":\"Greifen Sie auf das Impressum zu, um rechtliche Informationen und die Kontaktdaten von Fenoquimica zu erhalten\",\"breadcrumb\":{\"@id\":\"https:\/\/fenoquimica.es\/de\/impressum\/#breadcrumb\"},\"inLanguage\":\"de\",\"potentialAction\":[{\"@type\":\"ReadAction\",\"target\":[\"https:\/\/fenoquimica.es\/de\/impressum\/\"]}]},{\"@type\":\"BreadcrumbList\",\"@id\":\"https:\/\/fenoquimica.es\/de\/impressum\/#breadcrumb\",\"itemListElement\":[{\"@type\":\"ListItem\",\"position\":1,\"name\":\"Inicio\",\"item\":\"https:\/\/fenoquimica.es\/\"},{\"@type\":\"ListItem\",\"position\":2,\"name\":\"Impressum\"}]},{\"@type\":\"WebSite\",\"@id\":\"https:\/\/fenoquimica.es\/#website\",\"url\":\"https:\/\/fenoquimica.es\/\",\"name\":\"Fenoquimica\",\"description\":\"Shaping a sustainable tomorrow\",\"publisher\":{\"@id\":\"https:\/\/fenoquimica.es\/#organization\"},\"potentialAction\":[{\"@type\":\"SearchAction\",\"target\":{\"@type\":\"EntryPoint\",\"urlTemplate\":\"https:\/\/fenoquimica.es\/?s={search_term_string}\"},\"query-input\":{\"@type\":\"PropertyValueSpecification\",\"valueRequired\":true,\"valueName\":\"search_term_string\"}}],\"inLanguage\":\"de\"},{\"@type\":\"Organization\",\"@id\":\"https:\/\/fenoquimica.es\/#organization\",\"name\":\"Fenoquimica\",\"url\":\"https:\/\/fenoquimica.es\/\",\"logo\":{\"@type\":\"ImageObject\",\"inLanguage\":\"de\",\"@id\":\"https:\/\/fenoquimica.es\/#\/schema\/logo\/image\/\",\"url\":\"https:\/\/fenoquimica.es\/wp-content\/uploads\/2025\/11\/logo_fenoquimica.svg\",\"contentUrl\":\"https:\/\/fenoquimica.es\/wp-content\/uploads\/2025\/11\/logo_fenoquimica.svg\",\"width\":210,\"height\":45,\"caption\":\"Fenoquimica\"},\"image\":{\"@id\":\"https:\/\/fenoquimica.es\/#\/schema\/logo\/image\/\"}}]}<\/script>\n<!-- \/ Yoast SEO plugin. -->","yoast_head_json":{"title":"Impressum - Fenoquimica","description":"Greifen Sie auf das Impressum zu, um rechtliche Informationen und die Kontaktdaten von Fenoquimica zu erhalten","robots":{"index":"index","follow":"follow","max-snippet":"max-snippet:-1","max-image-preview":"max-image-preview:large","max-video-preview":"max-video-preview:-1"},"canonical":"https:\/\/fenoquimica.es\/de\/impressum\/","og_locale":"de_DE","og_type":"article","og_title":"Impressum - Fenoquimica","og_description":"Greifen Sie auf das Impressum zu, um rechtliche Informationen und die Kontaktdaten von Fenoquimica zu erhalten","og_url":"https:\/\/fenoquimica.es\/de\/impressum\/","og_site_name":"Fenoquimica","article_modified_time":"2026-01-29T12:12:38+00:00","twitter_card":"summary_large_image","twitter_misc":{"Gesch\u00e4tzte Lesezeit":"4\u00a0Minuten"},"schema":{"@context":"https:\/\/schema.org","@graph":[{"@type":"WebPage","@id":"https:\/\/fenoquimica.es\/de\/impressum\/","url":"https:\/\/fenoquimica.es\/de\/impressum\/","name":"Impressum - Fenoquimica","isPartOf":{"@id":"https:\/\/fenoquimica.es\/#website"},"datePublished":"2025-12-15T09:12:00+00:00","dateModified":"2026-01-29T12:12:38+00:00","description":"Greifen Sie auf das Impressum zu, um rechtliche Informationen und die Kontaktdaten von Fenoquimica zu erhalten","breadcrumb":{"@id":"https:\/\/fenoquimica.es\/de\/impressum\/#breadcrumb"},"inLanguage":"de","potentialAction":[{"@type":"ReadAction","target":["https:\/\/fenoquimica.es\/de\/impressum\/"]}]},{"@type":"BreadcrumbList","@id":"https:\/\/fenoquimica.es\/de\/impressum\/#breadcrumb","itemListElement":[{"@type":"ListItem","position":1,"name":"Inicio","item":"https:\/\/fenoquimica.es\/"},{"@type":"ListItem","position":2,"name":"Impressum"}]},{"@type":"WebSite","@id":"https:\/\/fenoquimica.es\/#website","url":"https:\/\/fenoquimica.es\/","name":"Fenoquimica","description":"Shaping a sustainable tomorrow","publisher":{"@id":"https:\/\/fenoquimica.es\/#organization"},"potentialAction":[{"@type":"SearchAction","target":{"@type":"EntryPoint","urlTemplate":"https:\/\/fenoquimica.es\/?s={search_term_string}"},"query-input":{"@type":"PropertyValueSpecification","valueRequired":true,"valueName":"search_term_string"}}],"inLanguage":"de"},{"@type":"Organization","@id":"https:\/\/fenoquimica.es\/#organization","name":"Fenoquimica","url":"https:\/\/fenoquimica.es\/","logo":{"@type":"ImageObject","inLanguage":"de","@id":"https:\/\/fenoquimica.es\/#\/schema\/logo\/image\/","url":"https:\/\/fenoquimica.es\/wp-content\/uploads\/2025\/11\/logo_fenoquimica.svg","contentUrl":"https:\/\/fenoquimica.es\/wp-content\/uploads\/2025\/11\/logo_fenoquimica.svg","width":210,"height":45,"caption":"Fenoquimica"},"image":{"@id":"https:\/\/fenoquimica.es\/#\/schema\/logo\/image\/"}}]}},"_links":{"self":[{"href":"https:\/\/fenoquimica.es\/de\/wp-json\/wp\/v2\/pages\/3343","targetHints":{"allow":["GET"]}}],"collection":[{"href":"https:\/\/fenoquimica.es\/de\/wp-json\/wp\/v2\/pages"}],"about":[{"href":"https:\/\/fenoquimica.es\/de\/wp-json\/wp\/v2\/types\/page"}],"author":[{"embeddable":true,"href":"https:\/\/fenoquimica.es\/de\/wp-json\/wp\/v2\/users\/2"}],"replies":[{"embeddable":true,"href":"https:\/\/fenoquimica.es\/de\/wp-json\/wp\/v2\/comments?post=3343"}],"version-history":[{"count":3,"href":"https:\/\/fenoquimica.es\/de\/wp-json\/wp\/v2\/pages\/3343\/revisions"}],"predecessor-version":[{"id":3487,"href":"https:\/\/fenoquimica.es\/de\/wp-json\/wp\/v2\/pages\/3343\/revisions\/3487"}],"wp:attachment":[{"href":"https:\/\/fenoquimica.es\/de\/wp-json\/wp\/v2\/media?parent=3343"}],"curies":[{"name":"wp","href":"https:\/\/api.w.org\/{rel}","templated":true}]}}